{"id":2822,"date":"2014-04-08T23:48:38","date_gmt":"2014-04-08T23:48:38","guid":{"rendered":"http:\/\/eba-consulting.es\/v2\/?page_id=2822"},"modified":"2021-01-12T12:08:20","modified_gmt":"2021-01-12T12:08:20","slug":"coaching","status":"publish","type":"page","link":"https:\/\/eba-consulting.es\/v2\/coaching\/","title":{"rendered":"Coaching Personal"},"content":{"rendered":"\t\t<div data-elementor-type=\"wp-page\" data-elementor-id=\"2822\" class=\"elementor elementor-2822\">\n\t\t\t\t\t\t<div class=\"elementor-inner\">\n\t\t\t\t<div class=\"elementor-section-wrap\">\n\t\t\t\t\t\t\t\t\t<section class=\"elementor-section elementor-top-section elementor-element elementor-element-fa3d09b elementor-section-boxed elementor-section-height-default elementor-section-height-default\" data-id=\"fa3d09b\" data-element_type=\"section\">\n\t\t\t\t\t\t<div class=\"elementor-container elementor-column-gap-default\">\n\t\t\t\t\t\t\t<div class=\"elementor-row\">\n\t\t\t\t\t<div class=\"elementor-column elementor-col-50 elementor-top-column elementor-element elementor-element-8060630\" data-id=\"8060630\" data-element_type=\"column\">\n\t\t\t<div class=\"elementor-column-wrap elementor-element-populated\">\n\t\t\t\t\t\t\t<div class=\"elementor-widget-wrap\">\n\t\t\t\t\t\t<div class=\"elementor-element elementor-element-97a2d18 elementor-invisible elementor-widget elementor-widget-image\" data-id=\"97a2d18\" data-element_type=\"widget\" data-settings=\"{&quot;_animation&quot;:&quot;bounceIn&quot;}\" data-widget_type=\"image.default\">\n\t\t\t\t<div class=\"elementor-widget-container\">\n\t\t\t\t\t\t\t\t<div class=\"elementor-image\">\n\t\t\t\t\t\t\t\t\t\t\t\t<img decoding=\"async\" width=\"1024\" height=\"681\" src=\"https:\/\/eba-consulting.es\/v2\/wp-content\/uploads\/2021\/01\/IMG_6988a1-1024x681-1.jpg\" class=\"attachment-large size-large wp-image-8472\" alt=\"\" loading=\"lazy\" srcset=\"https:\/\/eba-consulting.es\/v2\/wp-content\/uploads\/2021\/01\/IMG_6988a1-1024x681-1.jpg 1024w, https:\/\/eba-consulting.es\/v2\/wp-content\/uploads\/2021\/01\/IMG_6988a1-1024x681-1-300x200.jpg 300w, https:\/\/eba-consulting.es\/v2\/wp-content\/uploads\/2021\/01\/IMG_6988a1-1024x681-1-768x511.jpg 768w, https:\/\/eba-consulting.es\/v2\/wp-content\/uploads\/2021\/01\/IMG_6988a1-1024x681-1-225x150.jpg 225w\" sizes=\"(max-width: 1024px) 100vw, 1024px\" \/>\t\t\t\t\t\t\t\t\t\t\t\t\t\t<\/div>\n\t\t\t\t\t\t<\/div>\n\t\t\t\t<\/div>\n\t\t\t\t\t\t<\/div>\n\t\t\t\t\t<\/div>\n\t\t<\/div>\n\t\t\t\t<div class=\"elementor-column elementor-col-50 elementor-top-column elementor-element elementor-element-6500743\" data-id=\"6500743\" data-element_type=\"column\">\n\t\t\t<div class=\"elementor-column-wrap elementor-element-populated\">\n\t\t\t\t\t\t\t<div class=\"elementor-widget-wrap\">\n\t\t\t\t\t\t<div class=\"elementor-element elementor-element-b3d352a elementor-widget elementor-widget-text-editor\" data-id=\"b3d352a\" data-element_type=\"widget\" data-widget_type=\"text-editor.default\">\n\t\t\t\t<div class=\"elementor-widget-container\">\n\t\t\t\t\t\t\t\t<div class=\"elementor-text-editor elementor-clearfix\">\n\t\t\t\t<div class=\"vc_row wpb_row vc_row-fluid\"><div class=\"wpb_column vc_column_container vc_col-sm-6\"><div class=\"wpb_wrapper\"><div class=\"wpb_text_column wpb_content_element \"><div class=\"wpb_wrapper\"><p>Nuestro coaching personal ofrece muchos beneficios sorprendentes: muestra perspectivas brillantes hacia\u00a0<strong>retos personales<\/strong>,\u00a0<strong>aumenta el rendimiento<\/strong>,\u00a0<strong>mejora la eficacia<\/strong>\u00a0interpersonal,\u00a0<strong>mejora la capacidad para la toma de decisiones<\/strong>, e\u00a0<strong>incrementa la confianza<\/strong>. Los que reciben acciones de coaching \u00a0personal tambi\u00e9n mejoran considerable su productividad, su satisfacci\u00f3n con la vida y con el trabajo y logran metas significativas.<\/p><p>El coaching sigue siendo visto como una herramienta correctiva, que se debe utilizar \u00fanicamente cuando las cosas han salido mal. Pero el coaching tambi\u00e9n debe considerarse como un enfoque positivo ya que est\u00e1 comprobado que ayuda a las personas a descubrir sus metas y ambiciones y les permite alcanzarlas.<\/p><p><strong>El m\u00e9todo de coaching que utilizamos es \u00fanico<\/strong>. El m\u00e9todo de coaching personal de\u00a0<strong>EBA-Consulting genera los mejores resultados mediante la combinaci\u00f3n de una formaci\u00f3n innovadora, experiencia, t\u00e9cnicas originales y productos propios como T\u00e9cnicas de Magia\u00ae aplicadas a la empresa y el M\u00e9todo MAGIC\u00ae<\/strong>.<\/p><\/div><\/div><\/div><\/div><\/div>\t\t\t\t\t<\/div>\n\t\t\t\t\t\t<\/div>\n\t\t\t\t<\/div>\n\t\t\t\t\t\t<\/div>\n\t\t\t\t\t<\/div>\n\t\t<\/div>\n\t\t\t\t\t\t\t\t<\/div>\n\t\t\t\t\t<\/div>\n\t\t<\/section>\n\t\t\t\t<section class=\"elementor-section elementor-top-section elementor-element elementor-element-9924c69 elementor-section-boxed elementor-section-height-default elementor-section-height-default\" data-id=\"9924c69\" data-element_type=\"section\">\n\t\t\t\t\t\t<div class=\"elementor-container elementor-column-gap-default\">\n\t\t\t\t\t\t\t<div class=\"elementor-row\">\n\t\t\t\t\t<div class=\"elementor-column elementor-col-100 elementor-top-column elementor-element elementor-element-2d55be0\" data-id=\"2d55be0\" data-element_type=\"column\">\n\t\t\t<div class=\"elementor-column-wrap elementor-element-populated\">\n\t\t\t\t\t\t\t<div class=\"elementor-widget-wrap\">\n\t\t\t\t\t\t<div class=\"elementor-element elementor-element-861e06d elementor-widget elementor-widget-text-editor\" data-id=\"861e06d\" data-element_type=\"widget\" data-widget_type=\"text-editor.default\">\n\t\t\t\t<div class=\"elementor-widget-container\">\n\t\t\t\t\t\t\t\t<div class=\"elementor-text-editor elementor-clearfix\">\n\t\t\t\t<p><strong>Trabajamos<\/strong>\u00a0con las personas\u00a0<strong>fomentando<\/strong>\u00a0principalmente\u00a0<strong>la curiosidad, el cuestionamiento y el inter\u00e9s<\/strong>\u00a0en lugar de los juicios de valor. Sin embargo aplicamos el uso estructurado de la reflexi\u00f3n, el an\u00e1lisis y el cuestionamiento reflexivo para facilitar que las personas generen nuevas ideas, identifiquen posibilidades creativas y se comprometan a que las cosas sucedan\u00a0<strong>para dirigirse a sus objetivos m\u00e1s importantes<\/strong>.<\/p><p>Si desea m\u00e1s informaci\u00f3n por favor solic\u00edtela en nuestra p\u00e1gina de\u00a0<a title=\"Contacto\" href=\"http:\/\/eba-consulting.es\/v2\/contacto\/\">Contacto<\/a>\u00a0o comun\u00edquese con nosotros por tel\u00e9fono o correo electr\u00f3nico.<\/p>\t\t\t\t\t<\/div>\n\t\t\t\t\t\t<\/div>\n\t\t\t\t<\/div>\n\t\t\t\t\t\t<\/div>\n\t\t\t\t\t<\/div>\n\t\t<\/div>\n\t\t\t\t\t\t\t\t<\/div>\n\t\t\t\t\t<\/div>\n\t\t<\/section>\n\t\t\t\t\t\t\t\t\t<\/div>\n\t\t\t<\/div>\n\t\t\t\t\t<\/div>\n\t\t","protected":false},"excerpt":{"rendered":"<p>Nuestro coaching personal ofrece muchos beneficios sorprendentes: muestra perspectivas brillantes hacia\u00a0retos personales,\u00a0aumenta el rendimiento,\u00a0mejora la eficacia\u00a0interpersonal,\u00a0mejora la capacidad para la toma de decisiones, e\u00a0incrementa la confianza. Los que reciben acciones de coaching \u00a0personal tambi\u00e9n mejoran considerable su productividad, su satisfacci\u00f3n con la vida y con el trabajo y logran metas significativas. El coaching sigue siendo<\/p>\n","protected":false},"author":1,"featured_media":0,"parent":0,"menu_order":0,"comment_status":"open","ping_status":"closed","template":"","meta":{"_mi_skip_tracking":false},"_links":{"self":[{"href":"https:\/\/eba-consulting.es\/v2\/wp-json\/wp\/v2\/pages\/2822"}],"collection":[{"href":"https:\/\/eba-consulting.es\/v2\/wp-json\/wp\/v2\/pages"}],"about":[{"href":"https:\/\/eba-consulting.es\/v2\/wp-json\/wp\/v2\/types\/page"}],"author":[{"embeddable":true,"href":"https:\/\/eba-consulting.es\/v2\/wp-json\/wp\/v2\/users\/1"}],"replies":[{"embeddable":true,"href":"https:\/\/eba-consulting.es\/v2\/wp-json\/wp\/v2\/comments?post=2822"}],"version-history":[{"count":11,"href":"https:\/\/eba-consulting.es\/v2\/wp-json\/wp\/v2\/pages\/2822\/revisions"}],"predecessor-version":[{"id":8491,"href":"https:\/\/eba-consulting.es\/v2\/wp-json\/wp\/v2\/pages\/2822\/revisions\/8491"}],"wp:attachment":[{"href":"https:\/\/eba-consulting.es\/v2\/wp-json\/wp\/v2\/media?parent=2822"}],"curies":[{"name":"wp","href":"https:\/\/api.w.org\/{rel}","templated":true}]}}