{"id":4558,"date":"2015-04-20T14:27:09","date_gmt":"2015-04-20T14:27:09","guid":{"rendered":"http:\/\/eba-consulting.es\/v2\/?page_id=4558"},"modified":"2018-01-16T11:58:57","modified_gmt":"2018-01-16T11:58:57","slug":"newsletter","status":"publish","type":"page","link":"https:\/\/eba-consulting.es\/v2\/newsletter\/","title":{"rendered":"Suscripci\u00f3n Newsletter"},"content":{"rendered":"<p>[vc_row top_margin=\u00bbpage_margin_top\u00bb][vc_column width=\u00bb1\/4&#8243;][vc_column_text]<span style=\"color: #f5f5f5;\">.<\/span>[\/vc_column_text][\/vc_column][vc_column width=\u00bb1\/2&#8243;][vc_column_text]<\/p>\n<h3 style=\"text-align: center;\">Suscr\u00edbete a continuaci\u00f3n a la Newsletter de EBA-Consulting para recibir informaci\u00f3n exclusiva y las \u00faltimas noticias sobre nuestros servicios.<\/h3>\n<p>[\/vc_column_text][\/vc_column][vc_column width=\u00bb1\/4&#8243;][\/vc_column][\/vc_row][vc_row][vc_column width=\u00bb1\/3&#8243;][vc_column_text]<span style=\"color: #f5f5f5;\">.<\/span>[\/vc_column_text][\/vc_column][vc_column width=\u00bb1\/3&#8243;][vc_column_text]<\/p>\n<p style=\"text-align: center;\">\n\n<!-- Fast Secure Contact Form plugin 4.0.52 - begin - FastSecureContactForm.com -->\r\n<div style=\"clear:both;\"><\/div>\n<p>Por favor complete los siguientes datos:<\/p>\r\n<div id=\"FSContact12\" style=\"width:99%; max-width:555px;\">\r\n<form action=\"https:\/\/eba-consulting.es\/v2\/wp-json\/wp\/v2\/pages\/4558#FSContact12\" id=\"fscf_form12\" method=\"post\">\r\n\n<div id=\"fscf_required12\">\n  <span style=\"text-align:left;\">*<\/span> <span style=\"text-align:left;\">Campo obligatorio<\/span>\n<\/div>\n\n\n<div id=\"fscf_div_clear12_6\" style=\"clear:both;\">\n  <div id=\"fscf_div_field12_6\" style=\"clear:left; float:left; width:99%; max-width:550px; margin-right:10px;\">\n    <div  id=\"fscf_label12_6\" style=\"text-align:left; padding-top:5px;\">\r\n      <label style=\"text-align:left;\" for=\"fscf_field12_6\">Nombre:<span style=\"text-align:left;\">*<\/span><\/label>\n    <\/div>\n    <div style=\"text-align:left;\">\n      <input style=\"text-align:left; margin:0; width:99%; max-width:250px;\" type=\"text\" id=\"fscf_field12_6\" name=\"names\" value=\"\"  \/>\n    <\/div>\n  <\/div>\n<\/div>\n\n<div id=\"fscf_div_clear12_7\" style=\"clear:both;\">\n  <div id=\"fscf_div_field12_7\" style=\"clear:left; float:left; width:99%; max-width:550px; margin-right:10px;\">\n    <div  id=\"fscf_label12_7\" style=\"text-align:left; padding-top:5px;\">\r\n      <label style=\"text-align:left;\" for=\"fscf_field12_7\">E-mail:<span style=\"text-align:left;\">*<\/span><\/label>\n    <\/div>\n    <div style=\"text-align:left;\">\n      <input style=\"text-align:left; margin:0; width:99%; max-width:250px;\" type=\"text\" id=\"fscf_field12_7\" name=\"e-mail\" value=\"\"  \/>\n    <\/div>\n  <\/div>\n<\/div>\n\n<div id=\"fscf_div_clear12_4\" style=\"clear:both;\">\n  <div id=\"fscf_div_field12_4\" style=\"clear:left; float:left; width:99%; max-width:550px; margin-right:10px;\">\n    <div  id=\"fscf_label12_4\" style=\"text-align:left; padding-top:5px;\">\r\n      <label style=\"text-align:left;\" for=\"fscf_field12_4\">Empresa:<span style=\"text-align:left;\">*<\/span><\/label>\n    <\/div>\n    <div style=\"text-align:left;\">\n      <input style=\"text-align:left; margin:0; width:99%; max-width:250px;\" type=\"text\" id=\"fscf_field12_4\" name=\"empresa\" value=\"\"  \/>\n    <\/div>\n  <\/div>\n<\/div>\n\n<div id=\"fscf_div_clear12_5\" style=\"clear:both;\">\n  <div id=\"fscf_div_field12_5\" style=\"clear:left; float:left; width:99%; max-width:550px; margin-right:10px;\">\n    <div  id=\"fscf_label12_5\" style=\"text-align:left; padding-top:5px;\">\r\n      <label style=\"text-align:left;\" for=\"fscf_field12_5\">He le\u00eddo, comprendido y acepto la Pol\u00edtica de Privacidad<span style=\"text-align:left;\">*<\/span><\/label>\n    <\/div>\n    <div style=\"text-align:left;\">\n      <span><input type=\"radio\" style=\"width:13px;\" id=\"fscf_field12_5_1\" name=\"privacidad\" value=\"1\" \/> <label style=\"display:inline;\" for=\"fscf_field12_5_1\">S\u00ed<\/label><\/span>\n    <\/div>\n  <\/div>\n<\/div>\n\n<div id=\"fscf_div_clear12_8\" style=\"clear:both;\">\n  <div id=\"fscf_div_field12_8\" style=\"clear:left; float:left; width:99%; max-width:550px; margin-right:10px;\">\n    <div  id=\"fscf_label12_8\" style=\"text-align:left; padding-top:5px;\">\n    <\/div>\n    <div style=\"text-align:left;\">\n      <span><input type=\"checkbox\" style=\"width:13px;\" id=\"fscf_field12_8\" name=\"Deseo-recibir-informacion-relacionada-co\" value=\"1\" \/> <label style=\"display:inline;\" for=\"fscf_field12_8\">Deseo recibir informaci\u00f3n relacionada con los productos o servicios de esta p\u00e1gina web.<\/label><\/span>\n    <\/div>\n\n    <div style=\"clear:both;\"><\/div>\n<p align=\"justify\">Responsable: Identidad: Omar Julio Espa\u00f1a Arrieta - NIF: 51189107P  Dir. postal: Gregorio Mara\u00f1\u00f3n, 5, Bloque 1, 1\u00ba - A, Boadilla del Monte, 28660, Madrid, tel\u00e9fono: 633627644. Correo electr\u00f3nico: omar.espana@eba-consulting.es. En nombre del Responsable tratamos la informaci\u00f3n que nos facilita con el fin de enviarle publicidad relacionada con nuestros productos y servicios por cualquier medio (e-mail o tel\u00e9fono) e invitarle a nuestros eventos. Los datos proporcionados se conservar\u00e1n mientras no solicite el cese de la actividad. Los datos no se ceder\u00e1n a terceros, salvo en los casos en que exista una obligaci\u00f3n legal. Usted tiene derecho a obtener confirmaci\u00f3n sobre si Omar Julio Espa\u00f1a Arrieta est\u00e1 tratando sus datos personales, por tanto tiene derecho a acceder a sus datos personales, rectificar los datos inexactos o solicitar su supresi\u00f3n cuando los datos ya no sean necesarios para los fines que fueron recogidos.<\/p>\n\n  <\/div>\n<\/div>\r\n<div style=\"clear:both;\"><\/div>\n\n<div style=\"text-align:left; padding-top:5px;\">\n<\/div>\n<div id=\"fscf_captcha_image_div12\" style=\"width:250px; height:65px; padding-top:2px;\">\n      <img id=\"fscf_captcha_image12\" style=\"border-style:none; margin:0; padding:0px; padding-right:5px; float:left;\" src=\"https:\/\/eba-consulting.es\/v2\/wp-content\/plugins\/si-contact-form\/captcha\/securimage_show.php?prefix=qWCTHMlQvwXiw06o\" width=\"175\" height=\"60\" alt=\"CAPTCHA\" title=\"CAPTCHA\" \/>\n      <input id=\"fscf_captcha_prefix12\" type=\"hidden\" name=\"fscf_captcha_prefix12\" value=\"qWCTHMlQvwXiw06o\" \/>\n     <div id=\"fscf_captcha_refresh12\">\n        <a href=\"#\" rel=\"nofollow\" title=\"Depurar\" onclick=\"fscf_captcha_refresh('12','\/v2\/wp-content\/plugins\/si-contact-form\/captcha','https:\/\/eba-consulting.es\/v2\/wp-content\/plugins\/si-contact-form\/captcha\/securimage_show.php?prefix='); return false;\">\n        <img src=\"https:\/\/eba-consulting.es\/v2\/wp-content\/plugins\/si-contact-form\/captcha\/images\/refresh.png\" width=\"22\" height=\"20\" alt=\"Depurar\" style=\"border-style:none; margin:0; padding:0px; vertical-align:bottom;\" onclick=\"this.blur();\" \/><\/a>\r\n     <\/div>\r\n<\/div>\r\n\r\n<div id=\"fscf_captcha_field12\" style=\"text-align:left; padding-top:5px;\">\r\n     <label style=\"text-align:left;\" for=\"fscf_captcha_code12\">C\u00f3digo CAPTCHA:<span style=\"text-align:left;\">*<\/span><\/label>\r\n<\/div>\r\n<div style=\"text-align:left;\">\n     <input style=\"text-align:left; margin:0; width:50px;\" type=\"text\" value=\"\" autocomplete=\"off\" id=\"fscf_captcha_code12\" name=\"captcha_code\"  \/>\n<\/div>\n\n<div id=\"fscf_submit_div12\" style=\"text-align:left; clear:both; padding-top:15px;\">\r\n\t\t<input type=\"submit\" id=\"fscf_submit12\" style=\"cursor:pointer; margin:0;\" value=\"Enviar\"  onclick=\"this.disabled=true; this.value='Enviando....'; this.form.submit();\" \/> \n<\/div>\n\n<input type=\"hidden\" name=\"fscf_submitted\" value=\"0\" \/>\n<input type=\"hidden\" name=\"fs_postonce_12\" value=\"79b7cd2e89ea26b172764944aa763cbe,1775915266\" \/>\n<input type=\"hidden\" name=\"si_contact_action\" value=\"send\" \/>\n<input type=\"hidden\" name=\"form_id\" value=\"12\" \/>\n<input type=\"hidden\" name=\"mailto_id\" value=\"1\" \/>\n\n<\/form>\n<\/div>\r\n<div style=\"clear:both;\"><\/div>\n\n<!-- Fast Secure Contact Form plugin 4.0.52 - end - FastSecureContactForm.com -->\n<\/p>\n<p>[\/vc_column_text][\/vc_column][vc_column width=\u00bb1\/3&#8243;][\/vc_column][\/vc_row][vc_row][vc_column width=\u00bb1\/4&#8243;][vc_column_text]<span style=\"color: #f5f5f5;\">.<\/span>[\/vc_column_text][\/vc_column][vc_column width=\u00bb1\/2&#8243;][vc_column_text]<\/p>\n<h3 style=\"text-align: center;\"><span style=\"line-height: 1.5em;\">Te informamos que puedes darte de baja en cualquier momento haciendo clic en el enlace que aparece en cada Newsletter de EBA-Consulting.<\/span><\/h3>\n<p>[\/vc_column_text][\/vc_column][vc_column width=\u00bb1\/4&#8243;][\/vc_column][\/vc_row]<\/p>\n","protected":false},"excerpt":{"rendered":"<p>[vc_row top_margin=\u00bbpage_margin_top\u00bb][vc_column width=\u00bb1\/4&#8243;][vc_column_text].[\/vc_column_text][\/vc_column][vc_column width=\u00bb1\/2&#8243;][vc_column_text] Suscr\u00edbete a continuaci\u00f3n a la Newsletter de EBA-Consulting para recibir informaci\u00f3n exclusiva y las \u00faltimas noticias sobre nuestros servicios. [\/vc_column_text][\/vc_column][vc_column width=\u00bb1\/4&#8243;][\/vc_column][\/vc_row][vc_row][vc_column width=\u00bb1\/3&#8243;][vc_column_text].[\/vc_column_text][\/vc_column][vc_column width=\u00bb1\/3&#8243;][vc_column_text] [\/vc_column_text][\/vc_column][vc_column width=\u00bb1\/3&#8243;][\/vc_column][\/vc_row][vc_row][vc_column width=\u00bb1\/4&#8243;][vc_column_text].[\/vc_column_text][\/vc_column][vc_column width=\u00bb1\/2&#8243;][vc_column_text] Te informamos que puedes darte de baja en cualquier momento haciendo clic en el enlace que aparece en cada Newsletter de EBA-Consulting. [\/vc_column_text][\/vc_column][vc_column width=\u00bb1\/4&#8243;][\/vc_column][\/vc_row]<\/p>\n","protected":false},"author":1,"featured_media":0,"parent":0,"menu_order":0,"comment_status":"open","ping_status":"closed","template":"","meta":{"_mi_skip_tracking":false},"_links":{"self":[{"href":"https:\/\/eba-consulting.es\/v2\/wp-json\/wp\/v2\/pages\/4558"}],"collection":[{"href":"https:\/\/eba-consulting.es\/v2\/wp-json\/wp\/v2\/pages"}],"about":[{"href":"https:\/\/eba-consulting.es\/v2\/wp-json\/wp\/v2\/types\/page"}],"author":[{"embeddable":true,"href":"https:\/\/eba-consulting.es\/v2\/wp-json\/wp\/v2\/users\/1"}],"replies":[{"embeddable":true,"href":"https:\/\/eba-consulting.es\/v2\/wp-json\/wp\/v2\/comments?post=4558"}],"version-history":[{"count":3,"href":"https:\/\/eba-consulting.es\/v2\/wp-json\/wp\/v2\/pages\/4558\/revisions"}],"predecessor-version":[{"id":7333,"href":"https:\/\/eba-consulting.es\/v2\/wp-json\/wp\/v2\/pages\/4558\/revisions\/7333"}],"wp:attachment":[{"href":"https:\/\/eba-consulting.es\/v2\/wp-json\/wp\/v2\/media?parent=4558"}],"curies":[{"name":"wp","href":"https:\/\/api.w.org\/{rel}","templated":true}]}}