{"id":111,"date":"2017-07-04T11:42:46","date_gmt":"2017-07-04T11:42:46","guid":{"rendered":"http:\/\/eba-consulting.es\/v3\/2017\/07\/04\/register\/"},"modified":"2018-05-31T09:00:42","modified_gmt":"2018-05-31T09:00:42","slug":"register","status":"publish","type":"page","link":"https:\/\/eba-consulting.es\/v3\/register\/","title":{"rendered":"Registro"},"content":{"rendered":"\r\n<div class=\"um um-register um-455\">\r\n\r\n\t<div class=\"um-form\" data-mode=\"register\">\r\n\r\n\t\t<form method=\"post\" action=\"\">\r\n\r\n\t\t\t<div class=\"um-row _um_row_1 \" style=\"padding: 0px 0px 0px 0px;margin: 0px 0px 30px 0px;border-width: 0px 0px 0px 0px;border-style: solid;border-radius: 0px;\"><div class=\"um-col-1\"><div  id=\"um_field_455_first_name\" class=\"um-field um-field-text  um-field-first_name um-field-text um-field-type_text\" data-key=\"first_name\"><div class=\"um-field-label\"><div class=\"um-field-label-icon\"><i class=\"um-icon-ios-contact\" aria-label=\"Nombre\"><\/i><\/div><label for=\"first_name-455\">Nombre<span class=\"um-req\" title=\"Obligatorio\">*<\/span><\/label><div class=\"um-clear\"><\/div><\/div><div class=\"um-field-area\"><input  autocomplete=\"off\" class=\"um-form-field valid \" type=\"text\" name=\"first_name-455\" id=\"first_name-455\" value=\"\" placeholder=\"\" data-validate=\"\" data-key=\"first_name\" \/>\r\n\r\n\t\t\t\t\t\t<\/div><\/div><div  id=\"um_field_455_last_name\" class=\"um-field um-field-text  um-field-last_name um-field-text um-field-type_text\" data-key=\"last_name\"><div class=\"um-field-label\"><div class=\"um-field-label-icon\"><i class=\"um-icon-ios-contact-outline\" aria-label=\"Apellidos\"><\/i><\/div><label for=\"last_name-455\">Apellidos<span class=\"um-req\" title=\"Obligatorio\">*<\/span><\/label><div class=\"um-clear\"><\/div><\/div><div class=\"um-field-area\"><input  autocomplete=\"off\" class=\"um-form-field valid \" type=\"text\" name=\"last_name-455\" id=\"last_name-455\" value=\"\" placeholder=\"\" data-validate=\"\" data-key=\"last_name\" \/>\r\n\r\n\t\t\t\t\t\t<\/div><\/div><div  id=\"um_field_455_user_email\" class=\"um-field um-field-text  um-field-user_email um-field-text um-field-type_text\" data-key=\"user_email\"><div class=\"um-field-label\"><div class=\"um-field-label-icon\"><i class=\"um-icon-at\" aria-label=\"Direcci\u00f3n de email\"><\/i><\/div><label for=\"user_email-455\">Direcci\u00f3n de email<span class=\"um-req\" title=\"Obligatorio\">*<\/span><\/label><div class=\"um-clear\"><\/div><\/div><div class=\"um-field-area\"><input  autocomplete=\"off\" class=\"um-form-field valid \" type=\"text\" name=\"user_email-455\" id=\"user_email-455\" value=\"\" placeholder=\"\" data-validate=\"unique_email\" data-key=\"user_email\" \/>\r\n\r\n\t\t\t\t\t\t<\/div><\/div><div  id=\"um_field_455_company_field\" class=\"um-field um-field-text  um-field-company_field um-field-text um-field-type_text\" data-key=\"company_field\"><div class=\"um-field-label\"><div class=\"um-field-label-icon\"><i class=\"um-faicon-briefcase\" aria-label=\"Empresa\"><\/i><\/div><label for=\"company_field-455\">Empresa<span class=\"um-req\" title=\"Obligatorio\">*<\/span><\/label><div class=\"um-clear\"><\/div><\/div><div class=\"um-field-area\"><input  autocomplete=\"off\" class=\"um-form-field valid \" type=\"text\" name=\"company_field-455\" id=\"company_field-455\" value=\"\" placeholder=\"\" data-validate=\"\" data-key=\"company_field\" \/>\r\n\r\n\t\t\t\t\t\t<\/div><\/div><div  id=\"um_field_455_user_login\" class=\"um-field um-field-text  um-field-user_login um-field-text um-field-type_text\" data-key=\"user_login\"><div class=\"um-field-label\"><div class=\"um-field-label-icon\"><i class=\"um-icon-android-contact\" aria-label=\"Nombre de usuario\"><\/i><\/div><label for=\"user_login-455\">Nombre de usuario<span class=\"um-req\" title=\"Obligatorio\">*<\/span><\/label><div class=\"um-clear\"><\/div><\/div><div class=\"um-field-area\"><input  autocomplete=\"off\" class=\"um-form-field valid \" type=\"text\" name=\"user_login-455\" id=\"user_login-455\" value=\"\" placeholder=\"\" data-validate=\"unique_username\" data-key=\"user_login\" \/>\r\n\r\n\t\t\t\t\t\t<\/div><\/div><div  id=\"um_field_455_user_password\" class=\"um-field um-field-password  um-field-user_password um-field-password um-field-type_password\" data-key=\"user_password\"><div class=\"um-field-label\"><div class=\"um-field-label-icon\"><i class=\"um-icon-android-lock\" aria-label=\"Contrase\u00f1a\"><\/i><\/div><label for=\"user_password-455\">Contrase\u00f1a<span class=\"um-req\" title=\"Obligatorio\">*<\/span><\/label><div class=\"um-clear\"><\/div><\/div><div class=\"um-field-area\"><input class=\"um-form-field valid \" type=\"password\" name=\"user_password-455\" id=\"user_password-455\" value=\"\" placeholder=\"\" data-validate=\"\" data-key=\"user_password\" \/>\r\n\r\n\t\t\t\t\t\t<\/div><\/div><div  id=\"um_field_455_confirm_user_password\" class=\"um-field um-field-password  um-field-user_password um-field-password um-field-type_password\" data-key=\"confirm_user_password\"><div class=\"um-field-label\"><div class=\"um-field-label-icon\"><i class=\"um-icon-android-lock\" aria-label=\"Confirmar Contrase\u00f1a\"><\/i><\/div><label for=\"confirm_user_password-455\">Confirmar Contrase\u00f1a<span class=\"um-req\" title=\"Obligatorio\">*<\/span><\/label><div class=\"um-clear\"><\/div><\/div><div class=\"um-field-area\"><input class=\"um-form-field valid \" type=\"password\" name=\"confirm_user_password-455\" id=\"confirm_user_password-455\" value=\"\" placeholder=\"Confirmar Contrase\u00f1a\" data-validate=\"\" data-key=\"confirm_user_password\" \/>\r\n\r\n\t\t\t\t\t\t\t\t<\/div><\/div><div  id=\"um_field_455_privacy\" class=\"um-field um-field-radio  um-field-privacy um-field-radio um-field-type_radio\" data-key=\"privacy\"><div class=\"um-field-label\"><div class=\"um-field-label-icon\"><i class=\"um-icon-android-clipboard\" aria-label=\"He le\u00eddo, comprendido y acepto la pol\u00edtica de privacidad\"><\/i><\/div><label for=\"privacy-455\">He le\u00eddo, comprendido y acepto la pol\u00edtica de privacidad<span class=\"um-req\" title=\"Obligatorio\">*<\/span><\/label><span class=\"um-tip um-tip-w\" title=\"Responsable: Identidad: Omar Julio Espa\u00f1a Arrieta - NIF: 51189107P Dir. postal: Gregorio Mara\u00f1\u00f3n, 5, Bloque 1, 1\u00ba - A, Boadilla del Monte, 28660, Madrid. Tel\u00e9fono: 633627644. Correo electr\u00f3nico: omar.espana@eba-consulting.es. En nombre del Responsable tratamos la informaci\u00f3n que nos facilita con el fin de enviarle publicidad relacionada con nuestros productos y servicios por cualquier medio (e-mail o tel\u00e9fono) e invitarle a nuestros eventos. Los datos proporcionados se conservar\u00e1n mientras no solicite el cese de la actividad. Los datos no se ceder\u00e1n a terceros, salvo en los casos en que exista una obligaci\u00f3n legal. Usted tiene derecho a obtener confirmaci\u00f3n sobre si Omar Julio Espa\u00f1a Arrieta est\u00e1 tratando sus datos personales, por tanto tiene derecho a acceder a sus datos personales, rectificar los datos inexactos o solicitar su supresi\u00f3n cuando los datos ya no sean necesarios para los fines que fueron recogidos.\"><i class=\"um-icon-help-circled\"><\/i><\/span><div class=\"um-clear\"><\/div><\/div><div class=\"um-field-area\"><label class=\"um-field-radio  um-field-half \"><input   type=\"radio\" name=\"privacy[]\" value=\"S\u00ed\"  \/><span class=\"um-field-radio-state\"><i class=\"um-icon-android-radio-button-off\"><\/i><\/span><span class=\"um-field-radio-option\">S\u00ed<\/span><\/label><div class=\"um-clear\"><\/div><\/div><\/div><div  id=\"um_field_455_user_acept_additional_info\" class=\"um-field um-field-checkbox  um-field-user_acept_additional_info um-field-checkbox um-field-type_checkbox\" data-key=\"user_acept_additional_info\"><div class=\"um-field-label\"><div class=\"um-field-label-icon\"><i class=\"um-icon-ios-information\" aria-label=\"Deseo recibir informaci\u00f3n relacionada con los productos o servicios de esta p\u00e1gina web\"><\/i><\/div><label for=\"user_acept_additional_info-455\">Deseo recibir informaci\u00f3n relacionada con los productos o servicios de esta p\u00e1gina web<\/label><div class=\"um-clear\"><\/div><\/div><div class=\"um-field-area\"><label class=\"um-field-checkbox  um-field-half \"><input   type=\"checkbox\" name=\"user_acept_additional_info[]\" value=\"S\u00ed\"  \/><span class=\"um-field-checkbox-state\"><i class=\"um-icon-android-checkbox-outline-blank\"><\/i><\/span><span class=\"um-field-checkbox-option\">S\u00ed<\/span><\/label><div class=\"um-clear\"><\/div><\/div><\/div><\/div><\/div>\t\t<input type=\"hidden\" name=\"form_id\" id=\"form_id_455\" value=\"455\" \/>\r\n\t\r\n\t<p class=\"um_request_name\">\r\n\t\t<label for=\"um_request_455\">Only fill in if you are not human<\/label>\r\n\t\t<input type=\"hidden\" name=\"um_request\" id=\"um_request_455\" class=\"input\" value=\"\" size=\"25\" autocomplete=\"off\" \/>\r\n\t<\/p>\r\n\r\n\t<input type=\"hidden\" id=\"_wpnonce\" name=\"_wpnonce\" value=\"f98f04aed1\" \/><input type=\"hidden\" name=\"_wp_http_referer\" value=\"\/v3\/wp-json\/wp\/v2\/pages\/111\" \/>\r\n<div class=\"um-field\">\r\n\t<div class=\"g-recaptcha\" id=\"um-455\"  data-type=\"image\"  data-size=\"normal\"  data-theme=\"light\"  data-sitekey=\"6LfxbR0UAAAAANKxFhO_bu043oupHxSF-n96FvnC\" ><\/div>\r\n<\/div>\r\n\r\n\r\n<script type=\"text\/javascript\">\r\n\t\r\n\t\tvar onloadCallback = function () {\r\n\t\t\tjQuery('.g-recaptcha').each( function (i) {\r\n\t\t\t\tgrecaptcha.render( jQuery(this).attr('id'), {\r\n\t\t\t\t\t'sitekey': jQuery(this).attr('data-sitekey'),\r\n\t\t\t\t\t'theme': jQuery(this).attr('data-theme')\r\n\t\t\t\t});\r\n\t\t\t});\r\n\t\t};\r\n\r\n\t\tfunction um_recaptcha_refresh() {\r\n\t\t\tjQuery('.g-recaptcha').html('');\r\n\t\t\tgrecaptcha.reset();\r\n\t\t\tonloadCallback();\r\n\t\t}\r\n\r\n\t<\/script>\r\n\t<div class=\"um-col-alt\">\r\n\r\n\t\t\r\n\t\t\t<div class=\"um-center\">\r\n\t\t\t\t<input type=\"submit\" value=\"Enviar formulario\" class=\"um-button\" id=\"um-submit-btn\" \/>\r\n\t\t\t<\/div>\r\n\r\n\t\t\r\n\t\t<div class=\"um-clear\"><\/div>\r\n\r\n\t<\/div>\r\n\r\n\t\t\t\r\n\t\t<\/form>\r\n\r\n\t<\/div>\r\n\r\n<\/div><style type=\"text\/css\">\r\n.um-455.um {\r\n\tmax-width: 500px;\r\n}<\/style>\r\n\n","protected":false},"excerpt":{"rendered":"Nombre* Apellidos* Direcci\u00f3n de email* Empresa* Nombre de usuario* Contrase\u00f1a* Confirmar Contrase\u00f1a* He le\u00eddo, comprendido y acepto la pol\u00edtica de privacidad*S\u00edDeseo recibir informaci\u00f3n relacionada con los productos o servicios de esta p\u00e1gina webS\u00ed Only fill in if you are not human","protected":false},"author":1,"featured_media":0,"parent":0,"menu_order":0,"comment_status":"closed","ping_status":"open","template":"","meta":[],"_links":{"self":[{"href":"https:\/\/eba-consulting.es\/v3\/wp-json\/wp\/v2\/pages\/111"}],"collection":[{"href":"https:\/\/eba-consulting.es\/v3\/wp-json\/wp\/v2\/pages"}],"about":[{"href":"https:\/\/eba-consulting.es\/v3\/wp-json\/wp\/v2\/types\/page"}],"author":[{"embeddable":true,"href":"https:\/\/eba-consulting.es\/v3\/wp-json\/wp\/v2\/users\/1"}],"replies":[{"embeddable":true,"href":"https:\/\/eba-consulting.es\/v3\/wp-json\/wp\/v2\/comments?post=111"}],"version-history":[{"count":3,"href":"https:\/\/eba-consulting.es\/v3\/wp-json\/wp\/v2\/pages\/111\/revisions"}],"predecessor-version":[{"id":459,"href":"https:\/\/eba-consulting.es\/v3\/wp-json\/wp\/v2\/pages\/111\/revisions\/459"}],"wp:attachment":[{"href":"https:\/\/eba-consulting.es\/v3\/wp-json\/wp\/v2\/media?parent=111"}],"curies":[{"name":"wp","href":"https:\/\/api.w.org\/{rel}","templated":true}]}}